{"id":145,"date":"2024-10-07T18:03:18","date_gmt":"2024-10-07T16:03:18","guid":{"rendered":"https:\/\/atelier-magali-a.fr\/?page_id=145"},"modified":"2025-01-23T15:57:36","modified_gmt":"2025-01-23T14:57:36","slug":"methode-creative","status":"publish","type":"page","link":"https:\/\/atelier-magali-a.fr\/index.php\/methode-creative\/","title":{"rendered":"M\u00e9thode cr\u00e9ative"},"content":{"rendered":"\n<figure class=\"wp-block-image size-large\"><img loading=\"lazy\" decoding=\"async\" width=\"1024\" height=\"391\" src=\"https:\/\/atelier-magali-a.fr\/wp-content\/uploads\/2024\/10\/illustration_couverture_FB_MAC-1024x391.jpg\" alt=\"\" class=\"wp-image-459\" srcset=\"https:\/\/atelier-magali-a.fr\/wp-content\/uploads\/2024\/10\/illustration_couverture_FB_MAC-1024x391.jpg 1024w, https:\/\/atelier-magali-a.fr\/wp-content\/uploads\/2024\/10\/illustration_couverture_FB_MAC-300x114.jpg 300w, https:\/\/atelier-magali-a.fr\/wp-content\/uploads\/2024\/10\/illustration_couverture_FB_MAC-768x293.jpg 768w, https:\/\/atelier-magali-a.fr\/wp-content\/uploads\/2024\/10\/illustration_couverture_FB_MAC-1536x586.jpg 1536w, https:\/\/atelier-magali-a.fr\/wp-content\/uploads\/2024\/10\/illustration_couverture_FB_MAC-2048x782.jpg 2048w\" sizes=\"auto, (max-width: 1024px) 100vw, 1024px\" \/><\/figure>\n\n\n\n<h3 class=\"wp-block-heading has-text-align-center\"><strong>Pourquoi travailler <\/strong><br><strong>avec Magali A&nbsp;?&nbsp;<\/strong><\/h3>\n\n\n\n<h6 class=\"wp-block-heading has-text-align-center\">Une collaboration simple et efficace <br>avec votre partenaire cr\u00e9ative&nbsp;<strong>Magali A<\/strong>.<\/h6>\n\n\n\n<h5 class=\"wp-block-heading\"><strong>Magali A, c&rsquo;est :<\/strong> <\/h5>\n\n\n\n<p>De la cr\u00e9ativit\u00e9, de la couleur, mais aussi du noir et blanc, de l&rsquo;accompagnement graphique, de l&rsquo;\u00e9coute, de la personnalisation, de la patience, pers\u00e9v\u00e9rance, r\u00e9activit\u00e9, et mise \u00e0 disposition de mes comp\u00e9tences en graphisme et en illustration. <br>Un savoir-faire que je peaufine depuis 20 ans, pour vous apporter une traduction en images de vos besoins en communication graphique et\/ou illustr\u00e9e.<\/p>\n\n\n\n<p>Une rigueur de travail et un \u0153il aff\u00fbt\u00e9 vous assurant un r\u00e9sultat \u00e0 la hauteur de vos attentes.<\/p>\n\n\n\n<p>Je pense en image. Vous \u00e9couter, m&rsquo;immerger dans votre univers, pour retranscrire en image vos besoins en communication graphique, me passionne, m&rsquo;anime, me nourrit. <\/p>\n\n\n\n<p>J&rsquo;ai \u00e0 c\u0153ur d&rsquo;apporter mon expertise graphique et d&rsquo;apporter mes comp\u00e9tences sur mon territoire et \u00e0 tous professionnels, pour mettre en forme leur projet et lui donner vie.<\/p>\n\n\n\n<p><strong>Illustratrice &amp; designer graphique<\/strong>, conceptrice traductrice en image, je vous accompagne comme une partenaire et vous conseille, pour cr\u00e9er votre communication visuelle dans la mati\u00e8re, dans le concret. Donner vie \u00e0 votre univers graphique, personnalis\u00e9 et authentique.<\/p>\n\n\n\n<h5 class=\"wp-block-heading\"><strong>Une&nbsp;m\u00e9thode de travail claire et <\/strong><br><strong>organis\u00e9e :<\/strong><\/h5>\n\n\n\n<p>\u2022 Une premi\u00e8re rencontre et une discussion ensemble, dans vos locaux ou \u00e0 l\u2019atelier, afin de discuter et de poser vos\u00a0besoins, vos\u00a0attentes, vos contraintes. Se rencontrer \u00ab\u00a0en vrai\u00a0\u00bb me permet de capter beaucoup d&rsquo;informations, y compris celles invisibles, et nourrit ma perception du projet souhait\u00e9. Une visio ou un appel t\u00e9l\u00e9phonique sont aussi possibles.<\/p>\n\n\n\n<p>\u2022 Une pr\u00e9paration et l\u2019envoi d\u2019un devis correspondant \u00e0 votre demande&nbsp;sous deux ou trois&nbsp;jours.<\/p>\n\n\n\n<p>\u2022 Apr\u00e8s&nbsp;accord mutuel sur la proposition tarifaire, commencement de la cr\u00e9ation apr\u00e8s le versement d\u2019un acompte.<\/p>\n\n\n\n<p>\u2022 \u00c9tude graphique de la concurrence, recherches et cr\u00e9ation des pistes cr\u00e9atives, pr\u00e9sentation du projet, \u00e9changes, modifications et ajustements selon vos attentes, jusqu\u2019\u00e0 validation d\u00e9finitive de la maquette du projet.<\/p>\n\n\n\n<p>\u2022 Pr\u00e9paration et remise du fichier \u00e0 l\u2019imprimeur, fabricant de signal\u00e9tiques&nbsp;ou&nbsp;d\u00e9veloppeur, selon le type de travail r\u00e9alis\u00e9.<\/p>\n\n\n\n<p>Un accompagnement tout au long de votre projet.<\/p>\n\n\n\n<blockquote class=\"wp-block-quote is-layout-flow wp-block-quote-is-layout-flow\">\n<p>Magali A, je suis \u00e0 votre \u00e9coute&nbsp;et&nbsp;\u00e0 votre service.<\/p>\n<\/blockquote>\n","protected":false},"excerpt":{"rendered":"<p>Pourquoi travailler avec Magali A&nbsp;?&nbsp; Une collaboration simple et efficace avec votre partenaire cr\u00e9ative&nbsp;Magali A. Magali A, c&rsquo;est : De la cr\u00e9ativit\u00e9, de la couleur, mais aussi du noir et blanc, de l&rsquo;accompagnement graphique, de l&rsquo;\u00e9coute, de la personnalisation, de la patience, pers\u00e9v\u00e9rance, r\u00e9activit\u00e9, et mise \u00e0 disposition de mes comp\u00e9tences en graphisme et en [&hellip;]<\/p>\n","protected":false},"author":1,"featured_media":0,"parent":0,"menu_order":0,"comment_status":"closed","ping_status":"closed","template":"","meta":{"footnotes":""},"class_list":["post-145","page","type-page","status-publish","hentry"],"_links":{"self":[{"href":"https:\/\/atelier-magali-a.fr\/index.php\/wp-json\/wp\/v2\/pages\/145","targetHints":{"allow":["GET"]}}],"collection":[{"href":"https:\/\/atelier-magali-a.fr\/index.php\/wp-json\/wp\/v2\/pages"}],"about":[{"href":"https:\/\/atelier-magali-a.fr\/index.php\/wp-json\/wp\/v2\/types\/page"}],"author":[{"embeddable":true,"href":"https:\/\/atelier-magali-a.fr\/index.php\/wp-json\/wp\/v2\/users\/1"}],"replies":[{"embeddable":true,"href":"https:\/\/atelier-magali-a.fr\/index.php\/wp-json\/wp\/v2\/comments?post=145"}],"version-history":[{"count":20,"href":"https:\/\/atelier-magali-a.fr\/index.php\/wp-json\/wp\/v2\/pages\/145\/revisions"}],"predecessor-version":[{"id":994,"href":"https:\/\/atelier-magali-a.fr\/index.php\/wp-json\/wp\/v2\/pages\/145\/revisions\/994"}],"wp:attachment":[{"href":"https:\/\/atelier-magali-a.fr\/index.php\/wp-json\/wp\/v2\/media?parent=145"}],"curies":[{"name":"wp","href":"https:\/\/api.w.org\/{rel}","templated":true}]}}