{"id":176,"date":"2024-10-09T15:01:46","date_gmt":"2024-10-09T13:01:46","guid":{"rendered":"https:\/\/atelier-magali-a.fr\/?page_id=176"},"modified":"2025-01-22T17:24:33","modified_gmt":"2025-01-22T16:24:33","slug":"accueil","status":"publish","type":"page","link":"https:\/\/atelier-magali-a.fr\/","title":{"rendered":"Bienvenue"},"content":{"rendered":"\n<ul class=\"wp-block-social-links is-content-justification-center is-layout-flex wp-container-core-social-links-is-layout-a89b3969 wp-block-social-links-is-layout-flex\"><li class=\"wp-social-link wp-social-link-instagram  wp-block-social-link\"><a rel=\"noopener nofollow\" target=\"_blank\" href=\"https:\/\/www.instagram.com\/atelier_magali_a\/\" class=\"wp-block-social-link-anchor\"><svg width=\"24\" height=\"24\" viewBox=\"0 0 24 24\" version=\"1.1\" xmlns=\"http:\/\/www.w3.org\/2000\/svg\" aria-hidden=\"true\" focusable=\"false\"><path d=\"M12,4.622c2.403,0,2.688,0.009,3.637,0.052c0.877,0.04,1.354,0.187,1.671,0.31c0.42,0.163,0.72,0.358,1.035,0.673 c0.315,0.315,0.51,0.615,0.673,1.035c0.123,0.317,0.27,0.794,0.31,1.671c0.043,0.949,0.052,1.234,0.052,3.637 s-0.009,2.688-0.052,3.637c-0.04,0.877-0.187,1.354-0.31,1.671c-0.163,0.42-0.358,0.72-0.673,1.035 c-0.315,0.315-0.615,0.51-1.035,0.673c-0.317,0.123-0.794,0.27-1.671,0.31c-0.949,0.043-1.233,0.052-3.637,0.052 s-2.688-0.009-3.637-0.052c-0.877-0.04-1.354-0.187-1.671-0.31c-0.42-0.163-0.72-0.358-1.035-0.673 c-0.315-0.315-0.51-0.615-0.673-1.035c-0.123-0.317-0.27-0.794-0.31-1.671C4.631,14.688,4.622,14.403,4.622,12 s0.009-2.688,0.052-3.637c0.04-0.877,0.187-1.354,0.31-1.671c0.163-0.42,0.358-0.72,0.673-1.035 c0.315-0.315,0.615-0.51,1.035-0.673c0.317-0.123,0.794-0.27,1.671-0.31C9.312,4.631,9.597,4.622,12,4.622 M12,3 C9.556,3,9.249,3.01,8.289,3.054C7.331,3.098,6.677,3.25,6.105,3.472C5.513,3.702,5.011,4.01,4.511,4.511 c-0.5,0.5-0.808,1.002-1.038,1.594C3.25,6.677,3.098,7.331,3.054,8.289C3.01,9.249,3,9.556,3,12c0,2.444,0.01,2.751,0.054,3.711 c0.044,0.958,0.196,1.612,0.418,2.185c0.23,0.592,0.538,1.094,1.038,1.594c0.5,0.5,1.002,0.808,1.594,1.038 c0.572,0.222,1.227,0.375,2.185,0.418C9.249,20.99,9.556,21,12,21s2.751-0.01,3.711-0.054c0.958-0.044,1.612-0.196,2.185-0.418 c0.592-0.23,1.094-0.538,1.594-1.038c0.5-0.5,0.808-1.002,1.038-1.594c0.222-0.572,0.375-1.227,0.418-2.185 C20.99,14.751,21,14.444,21,12s-0.01-2.751-0.054-3.711c-0.044-0.958-0.196-1.612-0.418-2.185c-0.23-0.592-0.538-1.094-1.038-1.594 c-0.5-0.5-1.002-0.808-1.594-1.038c-0.572-0.222-1.227-0.375-2.185-0.418C14.751,3.01,14.444,3,12,3L12,3z M12,7.378 c-2.552,0-4.622,2.069-4.622,4.622S9.448,16.622,12,16.622s4.622-2.069,4.622-4.622S14.552,7.378,12,7.378z M12,15 c-1.657,0-3-1.343-3-3s1.343-3,3-3s3,1.343,3,3S13.657,15,12,15z M16.804,6.116c-0.596,0-1.08,0.484-1.08,1.08 s0.484,1.08,1.08,1.08c0.596,0,1.08-0.484,1.08-1.08S17.401,6.116,16.804,6.116z\"><\/path><\/svg><span class=\"wp-block-social-link-label screen-reader-text\">Instagram<\/span><\/a><\/li>\n\n<li class=\"wp-social-link wp-social-link-facebook  wp-block-social-link\"><a rel=\"noopener nofollow\" target=\"_blank\" href=\"https:\/\/www.facebook.com\/MagaliAC.illustration.graphisme\" class=\"wp-block-social-link-anchor\"><svg width=\"24\" height=\"24\" viewBox=\"0 0 24 24\" version=\"1.1\" xmlns=\"http:\/\/www.w3.org\/2000\/svg\" aria-hidden=\"true\" focusable=\"false\"><path d=\"M12 2C6.5 2 2 6.5 2 12c0 5 3.7 9.1 8.4 9.9v-7H7.9V12h2.5V9.8c0-2.5 1.5-3.9 3.8-3.9 1.1 0 2.2.2 2.2.2v2.5h-1.3c-1.2 0-1.6.8-1.6 1.6V12h2.8l-.4 2.9h-2.3v7C18.3 21.1 22 17 22 12c0-5.5-4.5-10-10-10z\"><\/path><\/svg><span class=\"wp-block-social-link-label screen-reader-text\">Facebook<\/span><\/a><\/li>\n\n<li class=\"wp-social-link wp-social-link-linkedin  wp-block-social-link\"><a rel=\"noopener nofollow\" target=\"_blank\" href=\"https:\/\/www.linkedin.com\/in\/magali-auneau-chene\/\" class=\"wp-block-social-link-anchor\"><svg width=\"24\" height=\"24\" viewBox=\"0 0 24 24\" version=\"1.1\" xmlns=\"http:\/\/www.w3.org\/2000\/svg\" aria-hidden=\"true\" focusable=\"false\"><path d=\"M19.7,3H4.3C3.582,3,3,3.582,3,4.3v15.4C3,20.418,3.582,21,4.3,21h15.4c0.718,0,1.3-0.582,1.3-1.3V4.3 C21,3.582,20.418,3,19.7,3z M8.339,18.338H5.667v-8.59h2.672V18.338z M7.004,8.574c-0.857,0-1.549-0.694-1.549-1.548 c0-0.855,0.691-1.548,1.549-1.548c0.854,0,1.547,0.694,1.547,1.548C8.551,7.881,7.858,8.574,7.004,8.574z M18.339,18.338h-2.669 v-4.177c0-0.996-0.017-2.278-1.387-2.278c-1.389,0-1.601,1.086-1.601,2.206v4.249h-2.667v-8.59h2.559v1.174h0.037 c0.356-0.675,1.227-1.387,2.526-1.387c2.703,0,3.203,1.779,3.203,4.092V18.338z\"><\/path><\/svg><span class=\"wp-block-social-link-label screen-reader-text\">LinkedIn<\/span><\/a><\/li><\/ul>\n\n\n\n<figure class=\"wp-block-gallery alignwide has-nested-images columns-default wp-block-gallery-1 is-layout-flex wp-block-gallery-is-layout-flex\">\n<figure class=\"wp-block-image size-large\"><a href=\"https:\/\/atelier-magali-a.fr\/index.php\/2024\/12\/30\/logo\/\"><img loading=\"lazy\" decoding=\"async\" width=\"1024\" height=\"1024\" data-id=\"874\" src=\"https:\/\/atelier-magali-a.fr\/wp-content\/uploads\/2024\/12\/1_Vinaigrerie_BdL_SOURCE_PontdeCe-3-1024x1024.jpg\" alt=\"\" class=\"wp-image-874\" srcset=\"https:\/\/atelier-magali-a.fr\/wp-content\/uploads\/2024\/12\/1_Vinaigrerie_BdL_SOURCE_PontdeCe-3-1024x1024.jpg 1024w, https:\/\/atelier-magali-a.fr\/wp-content\/uploads\/2024\/12\/1_Vinaigrerie_BdL_SOURCE_PontdeCe-3-300x300.jpg 300w, https:\/\/atelier-magali-a.fr\/wp-content\/uploads\/2024\/12\/1_Vinaigrerie_BdL_SOURCE_PontdeCe-3-150x150.jpg 150w, https:\/\/atelier-magali-a.fr\/wp-content\/uploads\/2024\/12\/1_Vinaigrerie_BdL_SOURCE_PontdeCe-3-768x768.jpg 768w, https:\/\/atelier-magali-a.fr\/wp-content\/uploads\/2024\/12\/1_Vinaigrerie_BdL_SOURCE_PontdeCe-3.jpg 1080w\" sizes=\"auto, (max-width: 1024px) 100vw, 1024px\" \/><\/a><figcaption class=\"wp-element-caption\"><strong>Identit\u00e9 visuelle<\/strong> &#8211; logo et \u00e9tiquettes couvercle pot et bouchon bouteille<\/figcaption><\/figure>\n\n\n\n<figure class=\"wp-block-image size-large\"><a href=\"https:\/\/atelier-magali-a.fr\/index.php\/2024\/12\/29\/logo-domaine-du-collet\/\"><img loading=\"lazy\" decoding=\"async\" width=\"1024\" height=\"1024\" data-id=\"866\" src=\"https:\/\/atelier-magali-a.fr\/wp-content\/uploads\/2024\/12\/1-illustration_logo_DOMAINE_COLLET-2-1024x1024.jpg\" alt=\"\" class=\"wp-image-866\" srcset=\"https:\/\/atelier-magali-a.fr\/wp-content\/uploads\/2024\/12\/1-illustration_logo_DOMAINE_COLLET-2-1024x1024.jpg 1024w, https:\/\/atelier-magali-a.fr\/wp-content\/uploads\/2024\/12\/1-illustration_logo_DOMAINE_COLLET-2-300x300.jpg 300w, https:\/\/atelier-magali-a.fr\/wp-content\/uploads\/2024\/12\/1-illustration_logo_DOMAINE_COLLET-2-150x150.jpg 150w, https:\/\/atelier-magali-a.fr\/wp-content\/uploads\/2024\/12\/1-illustration_logo_DOMAINE_COLLET-2-768x768.jpg 768w, https:\/\/atelier-magali-a.fr\/wp-content\/uploads\/2024\/12\/1-illustration_logo_DOMAINE_COLLET-2.jpg 1080w\" sizes=\"auto, (max-width: 1024px) 100vw, 1024px\" \/><\/a><figcaption class=\"wp-element-caption\"><strong>Identit\u00e9 visuelle<\/strong> &#8211; logo, charte graphique et carte de visite<\/figcaption><\/figure>\n\n\n\n<figure class=\"wp-block-image size-large\"><a href=\"https:\/\/atelier-magali-a.fr\/index.php\/2024\/12\/30\/panneaux-4\/\"><img loading=\"lazy\" decoding=\"async\" width=\"1024\" height=\"1024\" data-id=\"871\" src=\"https:\/\/atelier-magali-a.fr\/wp-content\/uploads\/2024\/12\/1_razgue_14-panos-patri_BEM_MSE-3-1024x1024.jpg\" alt=\"\" class=\"wp-image-871\" srcset=\"https:\/\/atelier-magali-a.fr\/wp-content\/uploads\/2024\/12\/1_razgue_14-panos-patri_BEM_MSE-3-1024x1024.jpg 1024w, https:\/\/atelier-magali-a.fr\/wp-content\/uploads\/2024\/12\/1_razgue_14-panos-patri_BEM_MSE-3-300x300.jpg 300w, https:\/\/atelier-magali-a.fr\/wp-content\/uploads\/2024\/12\/1_razgue_14-panos-patri_BEM_MSE-3-150x150.jpg 150w, https:\/\/atelier-magali-a.fr\/wp-content\/uploads\/2024\/12\/1_razgue_14-panos-patri_BEM_MSE-3-768x768.jpg 768w, https:\/\/atelier-magali-a.fr\/wp-content\/uploads\/2024\/12\/1_razgue_14-panos-patri_BEM_MSE-3.jpg 1080w\" sizes=\"auto, (max-width: 1024px) 100vw, 1024px\" \/><\/a><figcaption class=\"wp-element-caption\"><strong>Panneau patrimoine p\u00e9dagogique<\/strong> &#8211; illustration, graphisme, charte graphique<\/figcaption><\/figure>\n\n\n\n<figure class=\"wp-block-image size-large\"><a href=\"https:\/\/atelier-magali-a.fr\/index.php\/2024\/09\/09\/panneaux-randonnees-mse\/\"><img loading=\"lazy\" decoding=\"async\" width=\"1024\" height=\"1024\" data-id=\"867\" src=\"https:\/\/atelier-magali-a.fr\/wp-content\/uploads\/2024\/12\/illustration_2_SOURCE_PANOS_randos-2-1024x1024.jpg\" alt=\"\" class=\"wp-image-867\" srcset=\"https:\/\/atelier-magali-a.fr\/wp-content\/uploads\/2024\/12\/illustration_2_SOURCE_PANOS_randos-2-1024x1024.jpg 1024w, https:\/\/atelier-magali-a.fr\/wp-content\/uploads\/2024\/12\/illustration_2_SOURCE_PANOS_randos-2-300x300.jpg 300w, https:\/\/atelier-magali-a.fr\/wp-content\/uploads\/2024\/12\/illustration_2_SOURCE_PANOS_randos-2-150x150.jpg 150w, https:\/\/atelier-magali-a.fr\/wp-content\/uploads\/2024\/12\/illustration_2_SOURCE_PANOS_randos-2-768x768.jpg 768w, https:\/\/atelier-magali-a.fr\/wp-content\/uploads\/2024\/12\/illustration_2_SOURCE_PANOS_randos-2.jpg 1080w\" sizes=\"auto, (max-width: 1024px) 100vw, 1024px\" \/><\/a><figcaption class=\"wp-element-caption\"><strong>Panneau randonn\u00e9e<\/strong> &#8211; cartographie, pictogrammes illustr\u00e9s, graphisme, charte graphique<\/figcaption><\/figure>\n\n\n\n<figure class=\"wp-block-image size-large\"><a href=\"https:\/\/atelier-magali-a.fr\/index.php\/2024\/08\/24\/carte-voeux\/\"><img loading=\"lazy\" decoding=\"async\" width=\"1024\" height=\"1024\" data-id=\"865\" src=\"https:\/\/atelier-magali-a.fr\/wp-content\/uploads\/2024\/12\/1bis_VOEUX2024_site_SOURCE_LHDA-2-1024x1024.jpg\" alt=\"\" class=\"wp-image-865\" srcset=\"https:\/\/atelier-magali-a.fr\/wp-content\/uploads\/2024\/12\/1bis_VOEUX2024_site_SOURCE_LHDA-2-1024x1024.jpg 1024w, https:\/\/atelier-magali-a.fr\/wp-content\/uploads\/2024\/12\/1bis_VOEUX2024_site_SOURCE_LHDA-2-300x300.jpg 300w, https:\/\/atelier-magali-a.fr\/wp-content\/uploads\/2024\/12\/1bis_VOEUX2024_site_SOURCE_LHDA-2-150x150.jpg 150w, https:\/\/atelier-magali-a.fr\/wp-content\/uploads\/2024\/12\/1bis_VOEUX2024_site_SOURCE_LHDA-2-768x768.jpg 768w, https:\/\/atelier-magali-a.fr\/wp-content\/uploads\/2024\/12\/1bis_VOEUX2024_site_SOURCE_LHDA-2.jpg 1080w\" sizes=\"auto, (max-width: 1024px) 100vw, 1024px\" \/><\/a><figcaption class=\"wp-element-caption\"><strong>V\u0153ux 2024 <\/strong>&#8211; Carte de v\u0153ux, bandeau signature mail, personnages extraits<\/figcaption><\/figure>\n\n\n\n<figure class=\"wp-block-image size-large\"><a href=\"https:\/\/atelier-magali-a.fr\/index.php\/2024\/12\/24\/bandeaux-web\/\"><img loading=\"lazy\" decoding=\"async\" width=\"1024\" height=\"1024\" data-id=\"873\" src=\"https:\/\/atelier-magali-a.fr\/wp-content\/uploads\/2024\/12\/5_vignette_site_SOURCE_ColdCo-3-1024x1024.jpg\" alt=\"\" class=\"wp-image-873\" srcset=\"https:\/\/atelier-magali-a.fr\/wp-content\/uploads\/2024\/12\/5_vignette_site_SOURCE_ColdCo-3-1024x1024.jpg 1024w, https:\/\/atelier-magali-a.fr\/wp-content\/uploads\/2024\/12\/5_vignette_site_SOURCE_ColdCo-3-300x300.jpg 300w, https:\/\/atelier-magali-a.fr\/wp-content\/uploads\/2024\/12\/5_vignette_site_SOURCE_ColdCo-3-150x150.jpg 150w, https:\/\/atelier-magali-a.fr\/wp-content\/uploads\/2024\/12\/5_vignette_site_SOURCE_ColdCo-3-768x768.jpg 768w, https:\/\/atelier-magali-a.fr\/wp-content\/uploads\/2024\/12\/5_vignette_site_SOURCE_ColdCo-3.jpg 1080w\" sizes=\"auto, (max-width: 1024px) 100vw, 1024px\" \/><\/a><figcaption class=\"wp-element-caption\"><strong>Bandeaux site internet<\/strong> &#8211; illustrations bandeaux et vignettes<\/figcaption><\/figure>\n\n\n\n<figure class=\"wp-block-image size-large\"><a href=\"https:\/\/atelier-magali-a.fr\/index.php\/2024\/12\/24\/carte-de-voeux\/\"><img loading=\"lazy\" decoding=\"async\" width=\"1024\" height=\"1024\" data-id=\"870\" src=\"https:\/\/atelier-magali-a.fr\/wp-content\/uploads\/2024\/12\/3_VOEUX2025_site_SOURCE_LHDA-3-1024x1024.jpg\" alt=\"\" class=\"wp-image-870\" srcset=\"https:\/\/atelier-magali-a.fr\/wp-content\/uploads\/2024\/12\/3_VOEUX2025_site_SOURCE_LHDA-3-1024x1024.jpg 1024w, https:\/\/atelier-magali-a.fr\/wp-content\/uploads\/2024\/12\/3_VOEUX2025_site_SOURCE_LHDA-3-300x300.jpg 300w, https:\/\/atelier-magali-a.fr\/wp-content\/uploads\/2024\/12\/3_VOEUX2025_site_SOURCE_LHDA-3-150x150.jpg 150w, https:\/\/atelier-magali-a.fr\/wp-content\/uploads\/2024\/12\/3_VOEUX2025_site_SOURCE_LHDA-3-768x768.jpg 768w, https:\/\/atelier-magali-a.fr\/wp-content\/uploads\/2024\/12\/3_VOEUX2025_site_SOURCE_LHDA-3.jpg 1080w\" sizes=\"auto, (max-width: 1024px) 100vw, 1024px\" \/><\/a><figcaption class=\"wp-element-caption\"><strong>V\u0153ux 2025 <\/strong>&#8211; Carte de v\u0153ux, bandeau signature mail, personnages extraits<\/figcaption><\/figure>\n\n\n\n<figure class=\"wp-block-image size-large\"><a href=\"https:\/\/atelier-magali-a.fr\/index.php\/2024\/12\/24\/table-jeu\/\"><img loading=\"lazy\" decoding=\"async\" width=\"1024\" height=\"1024\" data-id=\"868\" src=\"https:\/\/atelier-magali-a.fr\/wp-content\/uploads\/2024\/12\/1_Les-aventuriers-en-herbe_TABLE_MSL-OK-1024x1024.jpg\" alt=\"\" class=\"wp-image-868\" srcset=\"https:\/\/atelier-magali-a.fr\/wp-content\/uploads\/2024\/12\/1_Les-aventuriers-en-herbe_TABLE_MSL-OK-1024x1024.jpg 1024w, https:\/\/atelier-magali-a.fr\/wp-content\/uploads\/2024\/12\/1_Les-aventuriers-en-herbe_TABLE_MSL-OK-300x300.jpg 300w, https:\/\/atelier-magali-a.fr\/wp-content\/uploads\/2024\/12\/1_Les-aventuriers-en-herbe_TABLE_MSL-OK-150x150.jpg 150w, https:\/\/atelier-magali-a.fr\/wp-content\/uploads\/2024\/12\/1_Les-aventuriers-en-herbe_TABLE_MSL-OK-768x768.jpg 768w, https:\/\/atelier-magali-a.fr\/wp-content\/uploads\/2024\/12\/1_Les-aventuriers-en-herbe_TABLE_MSL-OK.jpg 1080w\" sizes=\"auto, (max-width: 1024px) 100vw, 1024px\" \/><\/a><figcaption class=\"wp-element-caption\"><mark style=\"background-color:rgba(0, 0, 0, 0)\" class=\"has-inline-color has-background-color\"><strong>Jeu interactif sites touristiques <\/strong>&#8211; charte graphique, illustration, graphisme<\/mark><\/figcaption><\/figure>\n\n\n\n<figure class=\"wp-block-image size-large\"><a href=\"https:\/\/atelier-magali-a.fr\/index.php\/2024\/10\/21\/la-butte-des-fendeurs\/\"><img loading=\"lazy\" decoding=\"async\" width=\"1024\" height=\"1024\" data-id=\"875\" src=\"https:\/\/atelier-magali-a.fr\/wp-content\/uploads\/2024\/12\/5-illustration_pano10_MINE_BLEUE-2-1024x1024.jpg\" alt=\"\" class=\"wp-image-875\" srcset=\"https:\/\/atelier-magali-a.fr\/wp-content\/uploads\/2024\/12\/5-illustration_pano10_MINE_BLEUE-2-1024x1024.jpg 1024w, https:\/\/atelier-magali-a.fr\/wp-content\/uploads\/2024\/12\/5-illustration_pano10_MINE_BLEUE-2-300x300.jpg 300w, https:\/\/atelier-magali-a.fr\/wp-content\/uploads\/2024\/12\/5-illustration_pano10_MINE_BLEUE-2-150x150.jpg 150w, https:\/\/atelier-magali-a.fr\/wp-content\/uploads\/2024\/12\/5-illustration_pano10_MINE_BLEUE-2-768x768.jpg 768w, https:\/\/atelier-magali-a.fr\/wp-content\/uploads\/2024\/12\/5-illustration_pano10_MINE_BLEUE-2.jpg 1080w\" sizes=\"auto, (max-width: 1024px) 100vw, 1024px\" \/><\/a><figcaption class=\"wp-element-caption\"><strong>Panneaux p\u00e9dagogiques site touristique<\/strong> &#8211; illustration, graphisme, charte graphique<\/figcaption><\/figure>\n\n\n\n<figure class=\"wp-block-image size-large\"><a href=\"https:\/\/atelier-magali-a.fr\/index.php\/2024\/12\/31\/illustrations\/\"><img loading=\"lazy\" decoding=\"async\" width=\"1024\" height=\"1024\" data-id=\"864\" src=\"https:\/\/atelier-magali-a.fr\/wp-content\/uploads\/2024\/12\/5_illustrations_DP_SOURCE_Biolane_BFD-3-1024x1024.jpg\" alt=\"\" class=\"wp-image-864\" srcset=\"https:\/\/atelier-magali-a.fr\/wp-content\/uploads\/2024\/12\/5_illustrations_DP_SOURCE_Biolane_BFD-3-1024x1024.jpg 1024w, https:\/\/atelier-magali-a.fr\/wp-content\/uploads\/2024\/12\/5_illustrations_DP_SOURCE_Biolane_BFD-3-300x300.jpg 300w, https:\/\/atelier-magali-a.fr\/wp-content\/uploads\/2024\/12\/5_illustrations_DP_SOURCE_Biolane_BFD-3-150x150.jpg 150w, https:\/\/atelier-magali-a.fr\/wp-content\/uploads\/2024\/12\/5_illustrations_DP_SOURCE_Biolane_BFD-3-768x768.jpg 768w, https:\/\/atelier-magali-a.fr\/wp-content\/uploads\/2024\/12\/5_illustrations_DP_SOURCE_Biolane_BFD-3.jpg 1080w\" sizes=\"auto, (max-width: 1024px) 100vw, 1024px\" \/><\/a><figcaption class=\"wp-element-caption\"><strong>Dossier de presse<\/strong> &#8211; illustrations<\/figcaption><\/figure>\n\n\n\n<figure class=\"wp-block-image size-large\"><a href=\"https:\/\/atelier-magali-a.fr\/index.php\/2024\/12\/24\/jeu-interactif\/\"><img loading=\"lazy\" decoding=\"async\" width=\"1024\" height=\"1024\" data-id=\"876\" src=\"https:\/\/atelier-magali-a.fr\/wp-content\/uploads\/2024\/12\/1_Les-aventuriers-en-herbe_SOURCE_MSL-OK-5-1024x1024.jpg\" alt=\"\" class=\"wp-image-876\" srcset=\"https:\/\/atelier-magali-a.fr\/wp-content\/uploads\/2024\/12\/1_Les-aventuriers-en-herbe_SOURCE_MSL-OK-5-1024x1024.jpg 1024w, https:\/\/atelier-magali-a.fr\/wp-content\/uploads\/2024\/12\/1_Les-aventuriers-en-herbe_SOURCE_MSL-OK-5-300x300.jpg 300w, https:\/\/atelier-magali-a.fr\/wp-content\/uploads\/2024\/12\/1_Les-aventuriers-en-herbe_SOURCE_MSL-OK-5-150x150.jpg 150w, https:\/\/atelier-magali-a.fr\/wp-content\/uploads\/2024\/12\/1_Les-aventuriers-en-herbe_SOURCE_MSL-OK-5-768x768.jpg 768w, https:\/\/atelier-magali-a.fr\/wp-content\/uploads\/2024\/12\/1_Les-aventuriers-en-herbe_SOURCE_MSL-OK-5.jpg 1080w\" sizes=\"auto, (max-width: 1024px) 100vw, 1024px\" \/><\/a><figcaption class=\"wp-element-caption\"><strong>Jeu interactif sites touristiques<\/strong> &#8211; charte graphique, illustration, graphisme<\/figcaption><\/figure>\n\n\n\n<figure class=\"wp-block-image size-large\"><a href=\"https:\/\/atelier-magali-a.fr\/index.php\/2024\/10\/09\/panneau-coulee-verte\/\"><img loading=\"lazy\" decoding=\"async\" width=\"1024\" height=\"1024\" data-id=\"877\" src=\"https:\/\/atelier-magali-a.fr\/wp-content\/uploads\/2024\/12\/illustration_carto_seule_PANO_COULEE_VERTE-2-1024x1024.jpg\" alt=\"\" class=\"wp-image-877\" srcset=\"https:\/\/atelier-magali-a.fr\/wp-content\/uploads\/2024\/12\/illustration_carto_seule_PANO_COULEE_VERTE-2-1024x1024.jpg 1024w, https:\/\/atelier-magali-a.fr\/wp-content\/uploads\/2024\/12\/illustration_carto_seule_PANO_COULEE_VERTE-2-300x300.jpg 300w, https:\/\/atelier-magali-a.fr\/wp-content\/uploads\/2024\/12\/illustration_carto_seule_PANO_COULEE_VERTE-2-150x150.jpg 150w, https:\/\/atelier-magali-a.fr\/wp-content\/uploads\/2024\/12\/illustration_carto_seule_PANO_COULEE_VERTE-2-768x768.jpg 768w, https:\/\/atelier-magali-a.fr\/wp-content\/uploads\/2024\/12\/illustration_carto_seule_PANO_COULEE_VERTE-2.jpg 1080w\" sizes=\"auto, (max-width: 1024px) 100vw, 1024px\" \/><\/a><figcaption class=\"wp-element-caption\"><strong>Panneau d&rsquo;entr\u00e9e d&rsquo;un parc<\/strong> &#8211; cartographie, pictos illustr\u00e9s, graphisme, charte graphique<\/figcaption><\/figure>\n\n\n\n<figure class=\"wp-block-image size-large\"><a href=\"https:\/\/atelier-magali-a.fr\/index.php\/2024\/10\/09\/tote-bag-illustre\/\"><img loading=\"lazy\" decoding=\"async\" width=\"1024\" height=\"1024\" data-id=\"872\" src=\"https:\/\/atelier-magali-a.fr\/wp-content\/uploads\/2024\/12\/1_illustration_simulation_TOTE_BAG_LHDA-1024x1024.jpg\" alt=\"\" class=\"wp-image-872\" srcset=\"https:\/\/atelier-magali-a.fr\/wp-content\/uploads\/2024\/12\/1_illustration_simulation_TOTE_BAG_LHDA-1024x1024.jpg 1024w, https:\/\/atelier-magali-a.fr\/wp-content\/uploads\/2024\/12\/1_illustration_simulation_TOTE_BAG_LHDA-300x300.jpg 300w, https:\/\/atelier-magali-a.fr\/wp-content\/uploads\/2024\/12\/1_illustration_simulation_TOTE_BAG_LHDA-150x150.jpg 150w, https:\/\/atelier-magali-a.fr\/wp-content\/uploads\/2024\/12\/1_illustration_simulation_TOTE_BAG_LHDA-768x768.jpg 768w, https:\/\/atelier-magali-a.fr\/wp-content\/uploads\/2024\/12\/1_illustration_simulation_TOTE_BAG_LHDA.jpg 1080w\" sizes=\"auto, (max-width: 1024px) 100vw, 1024px\" \/><\/a><figcaption class=\"wp-element-caption\"><strong>Tote bag<\/strong> &#8211; illustration<\/figcaption><\/figure>\n\n\n\n<figure class=\"wp-block-image size-large\"><a href=\"https:\/\/atelier-magali-a.fr\/index.php\/2024\/12\/09\/illustration-marche\/\"><img loading=\"lazy\" decoding=\"async\" width=\"1024\" height=\"1024\" data-id=\"878\" src=\"https:\/\/atelier-magali-a.fr\/wp-content\/uploads\/2024\/12\/illustration_march_seule_MSE_Chaussaire-2-1024x1024.jpg\" alt=\"\" class=\"wp-image-878\" srcset=\"https:\/\/atelier-magali-a.fr\/wp-content\/uploads\/2024\/12\/illustration_march_seule_MSE_Chaussaire-2-1024x1024.jpg 1024w, https:\/\/atelier-magali-a.fr\/wp-content\/uploads\/2024\/12\/illustration_march_seule_MSE_Chaussaire-2-300x300.jpg 300w, https:\/\/atelier-magali-a.fr\/wp-content\/uploads\/2024\/12\/illustration_march_seule_MSE_Chaussaire-2-150x150.jpg 150w, https:\/\/atelier-magali-a.fr\/wp-content\/uploads\/2024\/12\/illustration_march_seule_MSE_Chaussaire-2-768x768.jpg 768w, https:\/\/atelier-magali-a.fr\/wp-content\/uploads\/2024\/12\/illustration_march_seule_MSE_Chaussaire-2.jpg 1080w\" sizes=\"auto, (max-width: 1024px) 100vw, 1024px\" \/><\/a><figcaption class=\"wp-element-caption\"><mark style=\"background-color:rgba(0, 0, 0, 0)\" class=\"has-inline-color has-background-color\"><strong>Communication \u00ab\u00a0jours de March\u00e9\u00a0\u00bb<\/strong> &#8211; illustration, graphisme, affiche, visuels r\u00e9seaux sociaux<\/mark><\/figcaption><\/figure>\n\n\n\n<figure class=\"wp-block-image size-large is-style-default\"><a href=\"https:\/\/atelier-magali-a.fr\/index.php\/2024\/12\/30\/panneaux\/\"><img loading=\"lazy\" decoding=\"async\" width=\"1024\" height=\"1024\" data-id=\"879\" src=\"https:\/\/atelier-magali-a.fr\/wp-content\/uploads\/2024\/12\/1_14-panos-patri_BEM_MSE-1-1024x1024.jpg\" alt=\"\" class=\"wp-image-879\" srcset=\"https:\/\/atelier-magali-a.fr\/wp-content\/uploads\/2024\/12\/1_14-panos-patri_BEM_MSE-1-1024x1024.jpg 1024w, https:\/\/atelier-magali-a.fr\/wp-content\/uploads\/2024\/12\/1_14-panos-patri_BEM_MSE-1-300x300.jpg 300w, https:\/\/atelier-magali-a.fr\/wp-content\/uploads\/2024\/12\/1_14-panos-patri_BEM_MSE-1-150x150.jpg 150w, https:\/\/atelier-magali-a.fr\/wp-content\/uploads\/2024\/12\/1_14-panos-patri_BEM_MSE-1-768x768.jpg 768w, https:\/\/atelier-magali-a.fr\/wp-content\/uploads\/2024\/12\/1_14-panos-patri_BEM_MSE-1.jpg 1080w\" sizes=\"auto, (max-width: 1024px) 100vw, 1024px\" \/><\/a><figcaption class=\"wp-element-caption\"><strong>Panneau patrimoine p\u00e9dagogique<\/strong> &#8211; illustration, graphisme, charte graphique<\/figcaption><\/figure>\n\n\n\n<figure class=\"wp-block-image size-large\"><a href=\"https:\/\/atelier-magali-a.fr\/index.php\/2024\/11\/06\/age-tendre\/\"><img loading=\"lazy\" decoding=\"async\" width=\"1024\" height=\"1024\" data-id=\"869\" src=\"https:\/\/atelier-magali-a.fr\/wp-content\/uploads\/2024\/12\/A1_instagram_SOURCE_ETIQ_AGE_TENDRE_pomme_cidre-2-1024x1024.jpg\" alt=\"\" class=\"wp-image-869\" srcset=\"https:\/\/atelier-magali-a.fr\/wp-content\/uploads\/2024\/12\/A1_instagram_SOURCE_ETIQ_AGE_TENDRE_pomme_cidre-2-1024x1024.jpg 1024w, https:\/\/atelier-magali-a.fr\/wp-content\/uploads\/2024\/12\/A1_instagram_SOURCE_ETIQ_AGE_TENDRE_pomme_cidre-2-300x300.jpg 300w, https:\/\/atelier-magali-a.fr\/wp-content\/uploads\/2024\/12\/A1_instagram_SOURCE_ETIQ_AGE_TENDRE_pomme_cidre-2-150x150.jpg 150w, https:\/\/atelier-magali-a.fr\/wp-content\/uploads\/2024\/12\/A1_instagram_SOURCE_ETIQ_AGE_TENDRE_pomme_cidre-2-768x768.jpg 768w, https:\/\/atelier-magali-a.fr\/wp-content\/uploads\/2024\/12\/A1_instagram_SOURCE_ETIQ_AGE_TENDRE_pomme_cidre-2.jpg 1080w\" sizes=\"auto, (max-width: 1024px) 100vw, 1024px\" \/><\/a><figcaption class=\"wp-element-caption\"><strong>\u00c9tiquettes pots confitures et p\u00e2te \u00e0 tartiner<\/strong> &#8211; illustration, graphisme, charte graphique<\/figcaption><\/figure>\n\n\n\n<figure class=\"wp-block-image size-large\"><a href=\"https:\/\/atelier-magali-a.fr\/index.php\/2024\/12\/30\/panneaux-2\/\"><img loading=\"lazy\" decoding=\"async\" width=\"1024\" height=\"1024\" data-id=\"880\" src=\"https:\/\/atelier-magali-a.fr\/wp-content\/uploads\/2024\/12\/1_chapelle_14-panos-patri_BEM_MSE-1-1024x1024.jpg\" alt=\"\" class=\"wp-image-880\" srcset=\"https:\/\/atelier-magali-a.fr\/wp-content\/uploads\/2024\/12\/1_chapelle_14-panos-patri_BEM_MSE-1-1024x1024.jpg 1024w, https:\/\/atelier-magali-a.fr\/wp-content\/uploads\/2024\/12\/1_chapelle_14-panos-patri_BEM_MSE-1-300x300.jpg 300w, https:\/\/atelier-magali-a.fr\/wp-content\/uploads\/2024\/12\/1_chapelle_14-panos-patri_BEM_MSE-1-150x150.jpg 150w, https:\/\/atelier-magali-a.fr\/wp-content\/uploads\/2024\/12\/1_chapelle_14-panos-patri_BEM_MSE-1-768x768.jpg 768w, https:\/\/atelier-magali-a.fr\/wp-content\/uploads\/2024\/12\/1_chapelle_14-panos-patri_BEM_MSE-1.jpg 1080w\" sizes=\"auto, (max-width: 1024px) 100vw, 1024px\" \/><\/a><figcaption class=\"wp-element-caption\"><strong>Panneau patrimoine p\u00e9dagogique<\/strong> &#8211; illustration, graphisme, charte graphique<\/figcaption><\/figure>\n\n\n\n<figure class=\"wp-block-image size-large\"><a href=\"https:\/\/atelier-magali-a.fr\/index.php\/2024\/12\/30\/panneaux-3\/\"><img loading=\"lazy\" decoding=\"async\" width=\"1024\" height=\"1024\" data-id=\"881\" src=\"https:\/\/atelier-magali-a.fr\/wp-content\/uploads\/2024\/12\/1_petitanjou_14-panos-patri_BEM_MSE-1-1024x1024.jpg\" alt=\"\" class=\"wp-image-881\" srcset=\"https:\/\/atelier-magali-a.fr\/wp-content\/uploads\/2024\/12\/1_petitanjou_14-panos-patri_BEM_MSE-1-1024x1024.jpg 1024w, https:\/\/atelier-magali-a.fr\/wp-content\/uploads\/2024\/12\/1_petitanjou_14-panos-patri_BEM_MSE-1-300x300.jpg 300w, https:\/\/atelier-magali-a.fr\/wp-content\/uploads\/2024\/12\/1_petitanjou_14-panos-patri_BEM_MSE-1-150x150.jpg 150w, https:\/\/atelier-magali-a.fr\/wp-content\/uploads\/2024\/12\/1_petitanjou_14-panos-patri_BEM_MSE-1-768x768.jpg 768w, https:\/\/atelier-magali-a.fr\/wp-content\/uploads\/2024\/12\/1_petitanjou_14-panos-patri_BEM_MSE-1.jpg 1080w\" sizes=\"auto, (max-width: 1024px) 100vw, 1024px\" \/><\/a><figcaption class=\"wp-element-caption\"><strong>Panneau patrimoine p\u00e9dagogique<\/strong> &#8211; illustration, graphisme, charte graphique<\/figcaption><\/figure>\n<\/figure>\n\n\n\n<p><\/p>\n","protected":false},"excerpt":{"rendered":"","protected":false},"author":1,"featured_media":0,"parent":0,"menu_order":0,"comment_status":"closed","ping_status":"closed","template":"","meta":{"footnotes":""},"class_list":["post-176","page","type-page","status-publish","hentry"],"_links":{"self":[{"href":"https:\/\/atelier-magali-a.fr\/index.php\/wp-json\/wp\/v2\/pages\/176","targetHints":{"allow":["GET"]}}],"collection":[{"href":"https:\/\/atelier-magali-a.fr\/index.php\/wp-json\/wp\/v2\/pages"}],"about":[{"href":"https:\/\/atelier-magali-a.fr\/index.php\/wp-json\/wp\/v2\/types\/page"}],"author":[{"embeddable":true,"href":"https:\/\/atelier-magali-a.fr\/index.php\/wp-json\/wp\/v2\/users\/1"}],"replies":[{"embeddable":true,"href":"https:\/\/atelier-magali-a.fr\/index.php\/wp-json\/wp\/v2\/comments?post=176"}],"version-history":[{"count":96,"href":"https:\/\/atelier-magali-a.fr\/index.php\/wp-json\/wp\/v2\/pages\/176\/revisions"}],"predecessor-version":[{"id":984,"href":"https:\/\/atelier-magali-a.fr\/index.php\/wp-json\/wp\/v2\/pages\/176\/revisions\/984"}],"wp:attachment":[{"href":"https:\/\/atelier-magali-a.fr\/index.php\/wp-json\/wp\/v2\/media?parent=176"}],"curies":[{"name":"wp","href":"https:\/\/api.w.org\/{rel}","templated":true}]}}