{"id":85,"date":"2024-10-07T16:56:14","date_gmt":"2024-10-07T14:56:14","guid":{"rendered":"https:\/\/atelier-magali-a.fr\/?page_id=85"},"modified":"2024-12-30T11:07:28","modified_gmt":"2024-12-30T10:07:28","slug":"a-votre-service","status":"publish","type":"page","link":"https:\/\/atelier-magali-a.fr\/index.php\/a-votre-service\/","title":{"rendered":"Prestations"},"content":{"rendered":"\n<figure class=\"wp-block-image size-large\"><img loading=\"lazy\" decoding=\"async\" width=\"1024\" height=\"391\" src=\"http:\/\/atelier-magali-a.fr\/wp-content\/uploads\/2024\/10\/illustration_couverture_FB_3-1024x391.jpg\" alt=\"\" class=\"wp-image-115\" srcset=\"https:\/\/atelier-magali-a.fr\/wp-content\/uploads\/2024\/10\/illustration_couverture_FB_3-1024x391.jpg 1024w, https:\/\/atelier-magali-a.fr\/wp-content\/uploads\/2024\/10\/illustration_couverture_FB_3-300x114.jpg 300w, https:\/\/atelier-magali-a.fr\/wp-content\/uploads\/2024\/10\/illustration_couverture_FB_3-768x293.jpg 768w, https:\/\/atelier-magali-a.fr\/wp-content\/uploads\/2024\/10\/illustration_couverture_FB_3-1536x586.jpg 1536w, https:\/\/atelier-magali-a.fr\/wp-content\/uploads\/2024\/10\/illustration_couverture_FB_3-2048x782.jpg 2048w\" sizes=\"auto, (max-width: 1024px) 100vw, 1024px\" \/><\/figure>\n\n\n\n<h3 class=\"wp-block-heading has-text-align-center\">Atelier de cr\u00e9ation <br>en design visuel global<\/h3>\n\n\n\n<h5 class=\"wp-block-heading\"><strong>Illustration<\/strong><\/h5>\n\n\n\n<p><strong>Communiquer par l\u2019illustration : humoristique, p\u00e9dagogique, ludique, institutionnelle, publicitaire, cartographie illustr\u00e9e, illustrer un process technique, des sch\u00e9mas techniques, des solutions produits, infographies de donn\u00e9es chiffr\u00e9es\u2026<\/strong><\/p>\n\n\n\n<p><strong>Adapter le style graphique \u00e0 la cible vis\u00e9e et au message \u00e0 v\u00e9hiculer<\/strong>.<\/p>\n\n\n\n<ul class=\"wp-block-list\">\n<li>Illustration pour diffuser un message en communication visuelle<\/li>\n\n\n\n<li>Illustration plans, cartographies de \u00ab\u00a0s\u00e9duction\u00a0\u00bb<\/li>\n\n\n\n<li>Illustration \u00e9ditions jeunesse<\/li>\n\n\n\n<li>Illustration manuels p\u00e9dagogiques<\/li>\n\n\n\n<li>Illustration bande dessin\u00e9e<\/li>\n\n\n\n<li>Illustration mascotte<\/li>\n\n\n\n<li>Illustration pour romans ou livres broch\u00e9s \u00e0 th\u00e8me (ex : m\u00e9diation professionnelle)<\/li>\n\n\n\n<li>Illustration pour applications\/jeux<\/li>\n\n\n\n<li>Illustration infographie (sch\u00e9mas, donn\u00e9es chiffr\u00e9es, mises en forme avec pictogrammes, de fa\u00e7on ludique et p\u00e9dagogique)<\/li>\n\n\n\n<li>Illustration pictogrammes<\/li>\n\n\n\n<li>\u2026<\/li>\n<\/ul>\n\n\n\n<h5 class=\"wp-block-heading\"><strong>Design graphique<\/strong><\/h5>\n\n\n\n<p><strong>Cr\u00e9er un univers graphique personnalis\u00e9, original, adapt\u00e9 \u00e0 son domaine d\u2019expertise. Cr\u00e9er une identit\u00e9 propre, forte, unique, se d\u00e9marquant de la concurrence. Cr\u00e9er un ensemble homog\u00e8ne de supports de communication pour communiquer, s\u2019imposer sur le march\u00e9, v\u00e9hiculer ses messages, se renouveler.<\/strong><\/p>\n\n\n\n<ul class=\"wp-block-list\">\n<li>Logo et charte graphique<\/li>\n\n\n\n<li>Brochures, plaquettes d\u2019entreprise, plaquettes institutionnelles, plaquettes commerciales\u2026 catalogues, magazine, pochettes \u00e0 rabats, fiches produits, \u00e9tiquettes produits\u2026<\/li>\n\n\n\n<li>Cartes de visite, cartons de correspondance, ent\u00eates de lettre, signatures mail, tampons, bons de commande\u2026<\/li>\n\n\n\n<li>Cartes postales, cartons d\u2019invitation, flyers, d\u00e9pliants, \u2026<\/li>\n\n\n\n<li>Affiches petits et grands formats, panneaux, kak\u00e9monos, banner, totem, vitrophanie\u2026<\/li>\n\n\n\n<li>Habillage graphique v\u00e9hicules<\/li>\n\n\n\n<li>Habillage graphique packaging<\/li>\n\n\n\n<li>Annonces presses, dossier de presse, tout support de communication pour un \u00e9v\u00e9nement\u2026<\/li>\n\n\n\n<li>Calendriers<\/li>\n\n\n\n<li>Design graphique newsletter et e-mailing<\/li>\n\n\n\n<li>\u2026<\/li>\n<\/ul>\n","protected":false},"excerpt":{"rendered":"<p>Atelier de cr\u00e9ation en design visuel global Illustration Communiquer par l\u2019illustration : humoristique, p\u00e9dagogique, ludique, institutionnelle, publicitaire, cartographie illustr\u00e9e, illustrer un process technique, des sch\u00e9mas techniques, des solutions produits, infographies de donn\u00e9es chiffr\u00e9es\u2026 Adapter le style graphique \u00e0 la cible vis\u00e9e et au message \u00e0 v\u00e9hiculer. Design graphique Cr\u00e9er un univers graphique personnalis\u00e9, original, adapt\u00e9 [&hellip;]<\/p>\n","protected":false},"author":1,"featured_media":0,"parent":0,"menu_order":0,"comment_status":"closed","ping_status":"closed","template":"","meta":{"footnotes":""},"class_list":["post-85","page","type-page","status-publish","hentry"],"_links":{"self":[{"href":"https:\/\/atelier-magali-a.fr\/index.php\/wp-json\/wp\/v2\/pages\/85","targetHints":{"allow":["GET"]}}],"collection":[{"href":"https:\/\/atelier-magali-a.fr\/index.php\/wp-json\/wp\/v2\/pages"}],"about":[{"href":"https:\/\/atelier-magali-a.fr\/index.php\/wp-json\/wp\/v2\/types\/page"}],"author":[{"embeddable":true,"href":"https:\/\/atelier-magali-a.fr\/index.php\/wp-json\/wp\/v2\/users\/1"}],"replies":[{"embeddable":true,"href":"https:\/\/atelier-magali-a.fr\/index.php\/wp-json\/wp\/v2\/comments?post=85"}],"version-history":[{"count":16,"href":"https:\/\/atelier-magali-a.fr\/index.php\/wp-json\/wp\/v2\/pages\/85\/revisions"}],"predecessor-version":[{"id":779,"href":"https:\/\/atelier-magali-a.fr\/index.php\/wp-json\/wp\/v2\/pages\/85\/revisions\/779"}],"wp:attachment":[{"href":"https:\/\/atelier-magali-a.fr\/index.php\/wp-json\/wp\/v2\/media?parent=85"}],"curies":[{"name":"wp","href":"https:\/\/api.w.org\/{rel}","templated":true}]}}